{"id":4967,"date":"2014-12-23T13:30:31","date_gmt":"2014-12-23T13:30:31","guid":{"rendered":"http:\/\/clubzarco.es\/?page_id=4967"},"modified":"2020-03-21T13:36:44","modified_gmt":"2020-03-21T12:36:44","slug":"padres","status":"publish","type":"page","link":"https:\/\/clubzarco.org\/?page_id=4967","title":{"rendered":"Padres"},"content":{"rendered":"<div class=\"fusion-fullwidth fullwidth-box hundred-percent-fullwidth non-hundred-percent-height-scrolling\"  style='background-color: #ffffff;background-position: center center;background-repeat: no-repeat;padding-top:0px;padding-right:0px;padding-bottom:0px;padding-left:0px;'><div class=\"fusion-builder-row fusion-row \"><div  class=\"fusion-layout-column fusion_builder_column fusion_builder_column_1_1 fusion-builder-column-1 fusion-one-full fusion-column-first fusion-column-last fusion-column-no-min-height 1_1\"  style='margin-top:0px;margin-bottom:0px;'>\n\t\t\t\t\t<div class=\"fusion-column-wrapper\" style=\"background-position:left top;background-repeat:no-repeat;-webkit-background-size:cover;-moz-background-size:cover;-o-background-size:cover;background-size:cover;\"   data-bg-url=\"\">\n\t\t\t\t\t\t<div class=\"fusion-title title fusion-title-1 fusion-title-size-two\" style=\"margin-top:0px;margin-bottom:31px;\"><h2 class=\"title-heading-left\" style=\"margin:0;\">Los Padres<\/h2><div class=\"title-sep-container\"><div class=\"title-sep sep-double sep-solid\" style=\"border-color:#e0dede;\"><\/div><\/div><\/div>\n<div class=\"fusion-sep-clear\"><\/div><div class=\"fusion-separator fusion-full-width-sep sep-none\" style=\"margin-left: auto;margin-right: auto;margin-top:10px;margin-bottom:10px;\"><\/div>\n<p style=\"text-align: justify;\">Educar a los hijos es, quiz\u00e1, una de las tareas m\u00e1s importantes a las que una persona ha de hacer frente a lo largo de su vida.<strong> Zarco nace como iniciativa de padres<\/strong> con el prop\u00f3sito de disponer de un lugar adecuado para el <strong>tiempo libre de sus hijos y los hijos de sus amigos<\/strong>, en un marco educativo y formativo. Por eso, vosotros <strong>sois los grandes protagonistas del club<\/strong>.<\/p>\n<p style=\"text-align: justify;\">Zarco es una ayuda y un apoyo. Nada m\u00e1s y nada menos. Por eso, queremos que la implicaci\u00f3n de los padres en el Club sea cada vez mayor. En Zarco hay un Patronato compuesto por un grupo de padres que sacan adelante muchas actividades y tareas organizativas, consiguen fondos para la realizaci\u00f3n de las actividades y para que las familias con dificultades econ\u00f3micas tambi\u00e9n puedan beneficiarse de ellas.<\/p>\n<div class=\"fusion-sep-clear\"><\/div><div class=\"fusion-separator fusion-full-width-sep sep-none\" style=\"margin-left: auto;margin-right: auto;margin-top:10px;margin-bottom:10px;\"><\/div>\n<div class=\"fusion-clearfix\"><\/div>\n\n\t\t\t\t\t<\/div>\n\t\t\t\t<\/div><div  class=\"fusion-layout-column fusion_builder_column fusion_builder_column_1_1 fusion-builder-column-2 fusion-one-full fusion-column-first fusion-column-last fusion-column-no-min-height 1_1\"  style='margin-top:0px;margin-bottom:0px;'>\n\t\t\t\t\t<div class=\"fusion-column-wrapper\" style=\"background-position:left top;background-repeat:no-repeat;-webkit-background-size:cover;-moz-background-size:cover;-o-background-size:cover;background-size:cover;\"   data-bg-url=\"\">\n\t\t\t\t\t\t<div id=\"attachment_5262\" style=\"width: 510px\" class=\"wp-caption aligncenter\"><a href=\"http:\/\/clubzarco.es\/wp-content\/uploads\/2014\/12\/madre.jpg\"><img aria-describedby=\"caption-attachment-5262\" decoding=\"async\" loading=\"lazy\" class=\"wp-image-5262\" src=\"http:\/\/clubzarco.es\/wp-content\/uploads\/2014\/12\/madre.jpg\" alt=\"\" width=\"500\" height=\"365\" srcset=\"https:\/\/clubzarco.org\/wp-content\/uploads\/2014\/12\/madre-220x161.jpg 220w, https:\/\/clubzarco.org\/wp-content\/uploads\/2014\/12\/madre-300x219.jpg 300w, https:\/\/clubzarco.org\/wp-content\/uploads\/2014\/12\/madre-1024x748.jpg 1024w, https:\/\/clubzarco.org\/wp-content\/uploads\/2014\/12\/madre.jpg 1181w\" sizes=\"(max-width: 500px) 100vw, 500px\" \/><\/a><p id=\"caption-attachment-5262\" class=\"wp-caption-text\">Madre de Zarco en el Festival de Navidad<\/p><\/div>\n<p style=\"text-align: justify;\"><div class=\"fusion-sep-clear\"><\/div><div class=\"fusion-separator fusion-full-width-sep sep-none\" style=\"margin-left: auto;margin-right: auto;margin-top:10px;margin-bottom:10px;\"><\/div>\n<p style=\"text-align: justify;\">Otras veces la ayuda consiste en prestar un coche, traer la merienda o la cena para una fiesta o en dirigir una de las actividades ordinarias. Como los padres son los principales responsables de la educaci\u00f3n de sus hijos, Zarco procura que puedan beneficiarse de diferentes medios de formaci\u00f3n que les ayuden en su papel de educadores y en la mejora personal. A lo largo del curso, se imparte una vez al mes una charla resumen de lo que en ese mes se le ha explicado a los socios, para que tambi\u00e9n los padres puedan poner en pr\u00e1ctica todas las ideas y virtudes que en ellas se explican.<\/p>\n<ul class=\"arrow\">\n<li><span style=\"text-decoration: underline;\">Actividades para Padres<\/span><\/li>\n<\/ul>\n<div class=\"fusion-sep-clear\"><\/div><div class=\"fusion-separator fusion-full-width-sep sep-none\" style=\"margin-left: auto;margin-right: auto;margin-top:10px;margin-bottom:10px;\"><\/div>\n<p style=\"text-align: justify;\">Existen tambi\u00e9n otras actividades espec\u00edficas, muchas veces organizadas por los mismos padres:<\/p>\n<ul>\n<li><strong>Senderismo, salidas al monte o excursiones<\/strong><\/li>\n<li><strong>Barbacoas familiares en Meco una vez al mes<\/strong><\/li>\n<li><strong>Cenas de padres por niveles<\/strong><\/li>\n<li><strong>Romer\u00eda familiar en mayo<\/strong><\/li>\n<li><strong>Partidos de f\u00fatbol padres-preceptores<\/strong><\/li>\n<li><strong>Cursos de orientaci\u00f3n familiar<\/strong><\/li>\n<li><strong>Cine-forums<\/strong><\/li>\n<li><strong>Festival de Navidad para familias<\/strong><\/li>\n<li><strong>Triduo de Navidad<\/strong><\/li>\n<li><strong>Gala de Los Oscars<\/strong><\/li>\n<li><strong>Concursos y fiestas familiares<\/strong><\/li>\n<\/ul>\n<p style=\"text-align: justify;\">\n<div class=\"fusion-clearfix\"><\/div>\n\n\t\t\t\t\t<\/div>\n\t\t\t\t<\/div><\/div><\/div>\n","protected":false},"excerpt":{"rendered":"","protected":false},"author":1,"featured_media":0,"parent":0,"menu_order":0,"comment_status":"open","ping_status":"open","template":"","meta":{"footnotes":""},"_links":{"self":[{"href":"https:\/\/clubzarco.org\/index.php?rest_route=\/wp\/v2\/pages\/4967"}],"collection":[{"href":"https:\/\/clubzarco.org\/index.php?rest_route=\/wp\/v2\/pages"}],"about":[{"href":"https:\/\/clubzarco.org\/index.php?rest_route=\/wp\/v2\/types\/page"}],"author":[{"embeddable":true,"href":"https:\/\/clubzarco.org\/index.php?rest_route=\/wp\/v2\/users\/1"}],"replies":[{"embeddable":true,"href":"https:\/\/clubzarco.org\/index.php?rest_route=%2Fwp%2Fv2%2Fcomments&post=4967"}],"version-history":[{"count":13,"href":"https:\/\/clubzarco.org\/index.php?rest_route=\/wp\/v2\/pages\/4967\/revisions"}],"predecessor-version":[{"id":6088,"href":"https:\/\/clubzarco.org\/index.php?rest_route=\/wp\/v2\/pages\/4967\/revisions\/6088"}],"wp:attachment":[{"href":"https:\/\/clubzarco.org\/index.php?rest_route=%2Fwp%2Fv2%2Fmedia&parent=4967"}],"curies":[{"name":"wp","href":"https:\/\/api.w.org\/{rel}","templated":true}]}}