{"id":5184,"date":"2014-12-23T18:49:08","date_gmt":"2014-12-23T17:49:08","guid":{"rendered":"http:\/\/clubzarco.es\/?page_id=5184"},"modified":"2026-02-21T18:26:14","modified_gmt":"2026-02-21T17:26:14","slug":"inicio","status":"publish","type":"page","link":"https:\/\/clubzarco.org\/","title":{"rendered":"Inicio"},"content":{"rendered":"<p><div class=\"fusion-fullwidth fullwidth-box nonhundred-percent-fullwidth non-hundred-percent-height-scrolling\"  style='background-color: #ffffff;background-position: center center;background-repeat: no-repeat;padding-top:0px;padding-right:0px;padding-bottom:0px;padding-left:0px;'><div class=\"fusion-builder-row fusion-row \"><div  class=\"fusion-layout-column fusion_builder_column fusion_builder_column_1_1 fusion-builder-column-1 fusion-one-full fusion-column-first fusion-column-last 1_1\"  style='margin-top:0px;margin-bottom:0px;'>\n\t\t\t\t\t<div class=\"fusion-column-wrapper\" style=\"padding: 0px 0px 0px 0px;background-position:left top;background-repeat:no-repeat;-webkit-background-size:cover;-moz-background-size:cover;-o-background-size:cover;background-size:cover;\"   data-bg-url=\"\">\n\t\t\t\t\t\t<div class=\"fusion-text\"><h2 style=\"text-align: justify;\"><strong><span style=\"vertical-align: inherit;\">Zarco es un <\/span><span style=\"vertical-align: inherit;\">club juvenil impulsado por familias de Alcal\u00e1. Busca\u00a0formar j\u00f3venes aut\u00f3nomos y responsables, audaces y cr\u00edticos, generosos y solidarios que\u00a0saquen a la luz lo mejor de s\u00ed mismos mediante la convivencia con sus compa\u00f1eros.<\/span><\/strong><\/h2>\n<p><span style=\"vertical-align: inherit;\"><\/p>\n<\/div><div class=\"fusion-sep-clear\"><\/div><div class=\"fusion-separator fusion-full-width-sep sep-double\" style=\"border-color:#e0dede;border-top-width:1px;border-bottom-width:1px;margin-left: auto;margin-right: auto;margin-top:;\"><\/div><div class=\"fusion-text\"><p>\u00a0<\/p>\n<div class=\"fusion-sep-clear\"><\/div><div class=\"fusion-separator fusion-full-width-sep sep-none\" style=\"margin-left: auto;margin-right: auto;margin-top:20px;margin-bottom:20px;\"><\/div>\n<ul class=\"arrow\">\n<li><span style=\"text-decoration: underline;\">ACTIVIDADES EN ZARCO PARA EL CURSO 2025\/2026<\/span><\/li>\n<\/ul>\n<div class=\"fusion-sep-clear\"><\/div><div class=\"fusion-separator fusion-full-width-sep sep-none\" style=\"margin-left: auto;margin-right: auto;margin-top:;\"><\/div>\n<div class=\"page\" title=\"Page 1\">\n<div class=\"layoutArea\">\n<div class=\"column\">\n<p>\u00a0<\/p>\n<p>Adem\u00e1s de f\u00fatbol y otros deportes, tendremos juegos de mesa, m\u00fasica y talleres para construir juegos de madera y veh\u00edculos sin motor.<\/p>\n<p>Adema\u0301s de las actividades semanales programadas, trataremos de hacer actividades de ocio al aire libre los sa\u0301bados, tales como carreras de orientacio\u0301n, salidas en bicicleta, senderismo, etc.<\/p>\n<\/div>\n<\/div>\n<\/div>\n<\/div><div class=\"fusion-button-wrapper fusion-aligncenter\"><style type=\"text\/css\">.fusion-button.button-1 .fusion-button-text {text-transform:uppercase;}<\/style><a class=\"fusion-button button-3d fusion-button-pill button-xlarge button-green button-1 fusion-button-default-span fusion-animated\" data-animationType=\"rubberBand\" data-animationDuration=\"0.3\" data-animationOffset=\"100%\" target=\"_self\" href=\"#\" data-toggle=\"modal\" data-target=\".fusion-modal.BIZUM\"><span class=\"fusion-button-text\">APOYO A ACTIVIDADES<\/span><\/a><\/div><div class=\"fusion-modal modal fade modal-1 BIZUM\" tabindex=\"-1\" role=\"dialog\" aria-labelledby=\"modal-heading-1\" aria-hidden=\"true\"><style type=\"text\/css\">.modal-1 .modal-header, .modal-1 .modal-footer{border-color:#ebebeb;}<\/style><div class=\"modal-dialog modal-sm\"><div class=\"modal-content fusion-modal-content\" style=\"background-color:#f6f6f6\"><div class=\"modal-header\"><button class=\"close\" type=\"button\" data-dismiss=\"modal\" aria-hidden=\"true\">&times;<\/button><h3 class=\"modal-title\" id=\"modal-heading-1\" data-dismiss=\"modal\" aria-hidden=\"true\">APOYO A LAS ACTIVIDADES<\/h3><\/div><div class=\"modal-body fusion-clearfix\">\n<h2 style=\"text-align: center;\"><strong>BIZUM ONGES 03565<\/strong><\/h2>\n<\/div><\/div><\/div><\/div><div class=\"fusion-text\"><div class=\"page\" title=\"Page 1\">\n<div class=\"layoutArea\">\n<div class=\"column\"><div class=\"fusion-sep-clear\"><\/div><div class=\"fusion-separator fusion-full-width-sep sep-none\" style=\"margin-left: auto;margin-right: auto;margin-top:-10px;margin-bottom:-10px;\"><\/div><\/p>\n<ul class=\"arrow\">\n<li><span style=\"text-decoration: underline;\">ACTIVIDADES PREVISTAS<\/span><\/li>\n<\/ul>\n<p><div class=\"fusion-sep-clear\"><\/div><div class=\"fusion-separator fusion-full-width-sep sep-none\" style=\"margin-left: auto;margin-right: auto;margin-top:;\"><\/div><iframe loading=\"lazy\" class=\"airtable-embed\" style=\"background: transparent; border: 1px solid #ccc;\" src=\"https:\/\/airtable.com\/embed\/shr8leCxfqkvzFtCc?backgroundColor=cyan\" width=\"100%\" height=\"1000\" frameborder=\"0\"><\/iframe><\/p>\n<p><strong>La actividad principal el estudio<\/strong>, porque el trabajo personal resulta decisivo para la formacio\u0301n de los chicos. Por otro lado, <strong>el deporte es importante para nosotros<\/strong>, por ello tenemos equipos de f\u00fatbol jugando distintos torneos y organizamos torneos de pa\u0301del, senderismo, etc.<\/p>\n<\/div>\n<\/div>\n<\/div>\n<\/div><div class=\"fusion-text\"><div class=\"page\" title=\"Page 2\">\n<div class=\"layoutArea\">\n<div class=\"column\">\n<ul>\n<li>Estaremos pendientes del cumplimiento de todos los protocolos de convivencia y toda la normativa sanitaria vigente para proteger a nuestros socios.<\/li>\n<\/ul>\n<\/div>\n<\/div>\n<\/div>\n<\/div><div class=\"fusion-clearfix\"><\/div>\n\n\t\t\t\t\t<\/div>\n\t\t\t\t<\/div><\/div><\/div><div class=\"fusion-fullwidth fullwidth-box hundred-percent-fullwidth non-hundred-percent-height-scrolling\"  style='background-color: #ffffff;background-position: center center;background-repeat: no-repeat;padding-top:0px;padding-right:0px;padding-bottom:0px;padding-left:0px;'><div class=\"fusion-builder-row fusion-row \"><div  class=\"fusion-layout-column fusion_builder_column fusion_builder_column_1_1 fusion-builder-column-2 fusion-one-full fusion-column-first fusion-column-last fusion-column-no-min-height 1_1\"  style='margin-top:0px;margin-bottom:0px;'>\n\t\t\t\t\t<div class=\"fusion-column-wrapper\" style=\"padding: 0px 0px 0px 0px;background-position:left top;background-repeat:no-repeat;-webkit-background-size:cover;-moz-background-size:cover;-o-background-size:cover;background-size:cover;\"   data-bg-url=\"\">\n\t\t\t\t\t\t<div class=\"fusion-sep-clear\"><\/div><div class=\"fusion-separator fusion-full-width-sep sep-none\" style=\"margin-left: auto;margin-right: auto;margin-top:15px;margin-bottom:15px;\"><\/div><div class=\"fusion-text\"><p><span style=\"vertical-align: inherit;\"><span style=\"vertical-align: inherit;\"><\/p>\n<\/div><div class=\"fusion-clearfix\"><\/div>\n\n\t\t\t\t\t<\/div>\n\t\t\t\t<\/div><div  class=\"fusion-layout-column fusion_builder_column fusion_builder_column_1_1 fusion-builder-column-3 fusion-one-full fusion-column-first fusion-column-last 1_1\"  style='margin-top:0px;margin-bottom:0px;'>\n\t\t\t\t\t<div class=\"fusion-column-wrapper\" style=\"padding: 0px 0px 0px 0px;background-position:left top;background-repeat:no-repeat;-webkit-background-size:cover;-moz-background-size:cover;-o-background-size:cover;background-size:cover;\"   data-bg-url=\"\">\n\t\t\t\t\t\t<div class=\"fusion-text\"><p><\/span><\/span><\/p>\n<\/div><div class=\"fusion-clearfix\"><\/div>\n\n\t\t\t\t\t<\/div>\n\t\t\t\t<\/div><div  class=\"fusion-layout-column fusion_builder_column fusion_builder_column_1_4 fusion-builder-column-4 fusion-one-fourth fusion-column-first 1_4\"  style='margin-top:0px;margin-bottom:20px;width:25%;width:calc(25% - ( ( 4% + 4% ) * 0.25 ) );margin-right: 4%;'>\n\t\t\t\t\t<div class=\"fusion-column-wrapper\" style=\"padding: 0px 0px 0px 0px;background-position:left top;background-repeat:no-repeat;-webkit-background-size:cover;-moz-background-size:cover;-o-background-size:cover;background-size:cover;\"   data-bg-url=\"\">\n\t\t\t\t\t\t<div class=\"fusion-text\"><p><img decoding=\"async\" src=\"https:\/\/clubzarco.org\/wp-content\/uploads\/2014\/12\/Deportes.jpg\" alt=\"\" \/><\/p>\n<div align=\"center\">\n<h2><span style=\"vertical-align: inherit;\"><span style=\"vertical-align: inherit;\">Deportes<\/span><\/span><\/h2>\n<\/div>\n<div align=\"justify\"><span style=\"vertical-align: inherit;\"><span style=\"vertical-align: inherit;\">Tenemos equipos de f\u00fatbol jugando en distintas categor\u00edas, torneos de padel, excursiones a la sierra y convivencias de esqu\u00ed, escalada o partidos de futbito.<\/span><\/span><\/div>\n<p><span style=\"vertical-align: inherit;\"><span style=\"vertical-align: inherit;\"><div class=\"fusion-button-wrapper fusion-aligncenter\"><a class=\"fusion-button button-flat fusion-button-default-shape fusion-button-default-size button-default button-2 fusion-button-default-span fusion-button-default-type\" target=\"_self\" href=\"https:\/\/clubzarco.org\/?page_id=5386\"><span class=\"fusion-button-text\">Deportes<\/span><\/a><\/div><\/span><\/span><\/p>\n<\/div><div class=\"fusion-clearfix\"><\/div>\n\n\t\t\t\t\t<\/div>\n\t\t\t\t<\/div><div  class=\"fusion-layout-column fusion_builder_column fusion_builder_column_1_4 fusion-builder-column-5 fusion-one-fourth 1_4\"  style='margin-top:0px;margin-bottom:20px;width:25%;width:calc(25% - ( ( 4% + 4% ) * 0.25 ) );margin-right: 4%;'>\n\t\t\t\t\t<div class=\"fusion-column-wrapper\" style=\"padding: 0px 0px 0px 0px;background-position:left top;background-repeat:no-repeat;-webkit-background-size:cover;-moz-background-size:cover;-o-background-size:cover;background-size:cover;\"   data-bg-url=\"\">\n\t\t\t\t\t\t<div class=\"fusion-text\"><p><img decoding=\"async\" src=\"https:\/\/clubzarco.org\/wp-content\/uploads\/2014\/12\/Actividades.jpg\" alt=\"\" \/><\/p>\n<div align=\"center\">\n<h2><span style=\"vertical-align: inherit;\"><span style=\"vertical-align: inherit;\">Actividades<\/span><\/span><\/h2>\n<\/div>\n<div align=\"justify\"><span style=\"vertical-align: inherit;\"><span style=\"vertical-align: inherit;\">Cada trimestre se van cambiando: Judo, Biolog\u00eda, Maquetas, Guitarra, Ajedrez, Aeromodelismo, C\u00f3mics, Inform\u00e1tica, Radio y otras muchas actividades m\u00e1s.<\/span><\/span><\/div>\n<p><span style=\"vertical-align: inherit;\"><span style=\"vertical-align: inherit;\"><div class=\"fusion-button-wrapper fusion-aligncenter\"><a class=\"fusion-button button-flat fusion-button-default-shape fusion-button-default-size button-default button-3 fusion-button-default-span fusion-button-default-type\" target=\"_self\" href=\"https:\/\/clubzarco.org\/?page_id=5386\"><span class=\"fusion-button-text\">Actividades<\/span><\/a><\/div><\/span><\/span><\/p>\n<\/div><div class=\"fusion-clearfix\"><\/div>\n\n\t\t\t\t\t<\/div>\n\t\t\t\t<\/div><div  class=\"fusion-layout-column fusion_builder_column fusion_builder_column_1_4 fusion-builder-column-6 fusion-one-fourth fusion-column-last 1_4\"  style='margin-top:0px;margin-bottom:20px;width:25%;width:calc(25% - ( ( 4% + 4% ) * 0.25 ) );'>\n\t\t\t\t\t<div class=\"fusion-column-wrapper\" style=\"padding: 0px 0px 0px 0px;background-position:left top;background-repeat:no-repeat;-webkit-background-size:cover;-moz-background-size:cover;-o-background-size:cover;background-size:cover;\"   data-bg-url=\"\">\n\t\t\t\t\t\t<div class=\"fusion-text\"><p><img decoding=\"async\" src=\"https:\/\/clubzarco.org\/wp-content\/uploads\/2014\/12\/Trimesplanes.jpg\" alt=\"\" \/><\/p>\n<div align=\"center\">\n<h2><span style=\"vertical-align: inherit;\"><span style=\"vertical-align: inherit;\">Trimesplanes<\/span><\/span><\/h2>\n<\/div>\n<div align=\"justify\"><span style=\"vertical-align: inherit;\"><span style=\"vertical-align: inherit;\">Desde esta p\u00e1gina puedes descargar los \u00faltimos trimesplanes de cada nivel: quinto, sexto, primero, segundo y los mayores.<\/span><\/span><\/div>\n<p><div class=\"fusion-button-wrapper fusion-aligncenter\"><a class=\"fusion-button button-flat fusion-button-default-shape fusion-button-default-size button-default button-4 fusion-button-default-span fusion-button-default-type\" target=\"_self\" href=\"https:\/\/clubzarco.org\/?page_id=5493\"><span class=\"fusion-button-text\">Trimesplanes<\/span><\/a><\/div>\n<span style=\"vertical-align: inherit;\"><span style=\"vertical-align: inherit;\"><\/p>\n<\/div><div class=\"fusion-clearfix\"><\/div>\n\n\t\t\t\t\t<\/div>\n\t\t\t\t<\/div><\/div><\/div><div class=\"fusion-fullwidth fullwidth-box nonhundred-percent-fullwidth non-hundred-percent-height-scrolling\"  style='background-color: #ffffff;background-position: center center;background-repeat: no-repeat;padding-top:0px;padding-right:0px;padding-bottom:0px;padding-left:0px;'><div class=\"fusion-builder-row fusion-row \"><div  class=\"fusion-layout-column fusion_builder_column fusion_builder_column_1_1 fusion-builder-column-7 fusion-one-full fusion-column-first fusion-column-last 1_1\"  style='margin-top:0px;margin-bottom:0px;'>\n\t\t\t\t\t<div class=\"fusion-column-wrapper\" style=\"padding: 0px 0px 0px 0px;background-position:left top;background-repeat:no-repeat;-webkit-background-size:cover;-moz-background-size:cover;-o-background-size:cover;background-size:cover;\"   data-bg-url=\"\">\n\t\t\t\t\t\t<div class=\"fusion-text\"><p><\/span><\/span><\/p>\n<div style=\"margin-top: -50px;\"><\/div>\n<\/div><div class=\"fusion-clearfix\"><\/div>\n\n\t\t\t\t\t<\/div>\n\t\t\t\t<\/div><\/div><\/div><\/p>\n","protected":false},"excerpt":{"rendered":"","protected":false},"author":1,"featured_media":0,"parent":0,"menu_order":0,"comment_status":"open","ping_status":"open","template":"","meta":{"footnotes":""},"_links":{"self":[{"href":"https:\/\/clubzarco.org\/index.php?rest_route=\/wp\/v2\/pages\/5184"}],"collection":[{"href":"https:\/\/clubzarco.org\/index.php?rest_route=\/wp\/v2\/pages"}],"about":[{"href":"https:\/\/clubzarco.org\/index.php?rest_route=\/wp\/v2\/types\/page"}],"author":[{"embeddable":true,"href":"https:\/\/clubzarco.org\/index.php?rest_route=\/wp\/v2\/users\/1"}],"replies":[{"embeddable":true,"href":"https:\/\/clubzarco.org\/index.php?rest_route=%2Fwp%2Fv2%2Fcomments&post=5184"}],"version-history":[{"count":146,"href":"https:\/\/clubzarco.org\/index.php?rest_route=\/wp\/v2\/pages\/5184\/revisions"}],"predecessor-version":[{"id":40253,"href":"https:\/\/clubzarco.org\/index.php?rest_route=\/wp\/v2\/pages\/5184\/revisions\/40253"}],"wp:attachment":[{"href":"https:\/\/clubzarco.org\/index.php?rest_route=%2Fwp%2Fv2%2Fmedia&parent=5184"}],"curies":[{"name":"wp","href":"https:\/\/api.w.org\/{rel}","templated":true}]}}