{"id":5326,"date":"2014-12-27T11:56:41","date_gmt":"2014-12-27T10:56:41","guid":{"rendered":"http:\/\/clubzarco.es\/?page_id=5326"},"modified":"2020-03-21T15:31:01","modified_gmt":"2020-03-21T14:31:01","slug":"el-club","status":"publish","type":"page","link":"https:\/\/clubzarco.org\/?page_id=5326","title":{"rendered":"El Club"},"content":{"rendered":"<div class=\"fusion-fullwidth fullwidth-box hundred-percent-fullwidth non-hundred-percent-height-scrolling\"  style='background-color: #ffffff;background-position: center center;background-repeat: no-repeat;padding-top:0px;padding-right:0px;padding-bottom:0px;padding-left:0px;'><div class=\"fusion-builder-row fusion-row \"><div  class=\"fusion-layout-column fusion_builder_column fusion_builder_column_1_1 fusion-builder-column-1 fusion-one-full fusion-column-first fusion-column-last fusion-column-no-min-height 1_1\"  style='margin-top:0px;margin-bottom:0px;'>\n\t\t\t\t\t<div class=\"fusion-column-wrapper\" style=\"background-position:left top;background-repeat:no-repeat;-webkit-background-size:cover;-moz-background-size:cover;-o-background-size:cover;background-size:cover;\"   data-bg-url=\"\">\n\t\t\t\t\t\t<div class=\"fusion-title title fusion-title-1 fusion-title-size-two\" style=\"margin-top:0px;margin-bottom:31px;\"><h2 class=\"title-heading-left\" style=\"margin:0;\">El Club<\/h2><div class=\"title-sep-container\"><div class=\"title-sep sep-double sep-solid\" style=\"border-color:#e0dede;\"><\/div><\/div><\/div>\n<div class=\"fusion-clearfix\"><\/div>\n\n\t\t\t\t\t<\/div>\n\t\t\t\t<\/div><div  class=\"fusion-layout-column fusion_builder_column fusion_builder_column_1_1 fusion-builder-column-2 fusion-one-full fusion-column-first fusion-column-last fusion-column-no-min-height 1_1\"  style='margin-top:0px;margin-bottom:0px;'>\n\t\t\t\t\t<div class=\"fusion-column-wrapper\" style=\"background-position:left top;background-repeat:no-repeat;-webkit-background-size:cover;-moz-background-size:cover;-o-background-size:cover;background-size:cover;\"   data-bg-url=\"\">\n\t\t\t\t\t\t<div class=\"fusion-tabs fusion-tabs-1 classic horizontal-tabs icon-position-left\"><style type=\"text\/css\">.fusion-tabs.fusion-tabs-1 .nav-tabs li a.tab-link{border-top-color:#f1f2f2;background-color:#f1f2f2;}.fusion-tabs.fusion-tabs-1 .nav-tabs{background-color:#ffffff;}.fusion-tabs.fusion-tabs-1 .nav-tabs li.active a.tab-link,.fusion-tabs.fusion-tabs-1 .nav-tabs li.active a.tab-link:hover,.fusion-tabs.fusion-tabs-1 .nav-tabs li.active a.tab-link:focus{border-right-color:#ffffff;}.fusion-tabs.fusion-tabs-1 .nav-tabs li.active a.tab-link,.fusion-tabs.fusion-tabs-1 .nav-tabs li.active a.tab-link:hover,.fusion-tabs.fusion-tabs-1 .nav-tabs li.active a.tab-link:focus{background-color:#ffffff;}.fusion-tabs.fusion-tabs-1 .nav-tabs li a:hover{background-color:#ffffff;border-top-color:#ffffff;}.fusion-tabs.fusion-tabs-1 .tab-pane{background-color:#ffffff;}.fusion-tabs.fusion-tabs-1 .nav,.fusion-tabs.fusion-tabs-1 .nav-tabs,.fusion-tabs.fusion-tabs-1 .tab-content .tab-pane{border-color:#ebeaea;}<\/style><div class=\"nav\"><ul class=\"nav-tabs nav-justified\"><li class=\"active\"><a class=\"tab-link\" data-toggle=\"tab\" id=\"fusion-tab-qui\u00e9nessomos\" href=\"#tab-a68115043a88bf1721a\"><h4 class=\"fusion-tab-heading\">Qui\u00e9nes somos<\/h4><\/a><\/li><li><a class=\"tab-link\" data-toggle=\"tab\" id=\"fusion-tab-plandeprotecci\u00f3ndelmenor\" href=\"#tab-3df6eb96b5d2b23890c\"><h4 class=\"fusion-tab-heading\">Plan de protecci\u00f3n del menor<\/h4><\/a><\/li><li><a class=\"tab-link\" data-toggle=\"tab\" id=\"fusion-tab-zarcoyelopusdei\" href=\"#tab-1397a90d372a22667c6\"><h4 class=\"fusion-tab-heading\">Zarco y el Opus Dei<\/h4><\/a><\/li><li><a class=\"tab-link\" data-toggle=\"tab\" id=\"fusion-tab-d\u00f3ndeestamos\" href=\"#tab-c175ec3e32a3486e2f2\"><h4 class=\"fusion-tab-heading\">D\u00f3nde estamos<\/h4><\/a><\/li><\/ul><\/div><div class=\"tab-content\"><div class=\"nav fusion-mobile-tab-nav\"><ul class=\"nav-tabs nav-justified\"><li class=\"active\"><a class=\"tab-link\" data-toggle=\"tab\" id=\"mobile-fusion-tab-qui\u00e9nessomos\" href=\"#tab-a68115043a88bf1721a\"><h4 class=\"fusion-tab-heading\">Qui\u00e9nes somos<\/h4><\/a><\/li><\/ul><\/div><div class=\"tab-pane fade fusion-clearfix in active\" id=\"tab-a68115043a88bf1721a\">\n<div class=\"fusion-sep-clear\"><\/div><div class=\"fusion-separator fusion-full-width-sep sep-none\" style=\"margin-left: auto;margin-right: auto;margin-top:40px;margin-bottom:40px;\"><\/div>\n<p><a href=\"https:\/\/clubzarco.es\/wp-content\/uploads\/2014\/12\/zarcologo.jpg\"><img decoding=\"async\" loading=\"lazy\" class=\"aligncenter size-full wp-image-5068\" src=\"https:\/\/clubzarco.es\/wp-content\/uploads\/2014\/12\/zarcologo.jpg\" alt=\"zarcologo\" width=\"493\" height=\"150\" srcset=\"https:\/\/clubzarco.org\/wp-content\/uploads\/2014\/12\/zarcologo-300x91.jpg 300w, https:\/\/clubzarco.org\/wp-content\/uploads\/2014\/12\/zarcologo.jpg 493w\" sizes=\"(max-width: 493px) 100vw, 493px\" \/><\/a><\/p>\n<div class=\"fusion-sep-clear\"><\/div><div class=\"fusion-separator fusion-full-width-sep sep-none\" style=\"margin-left: auto;margin-right: auto;margin-top:20px;margin-bottom:20px;\"><\/div>\n<ul class=\"arrow\">\n<li><span style=\"text-decoration: underline;\">Qu\u00e9 es Zarco<\/span><\/li>\n<\/ul>\n<div class=\"fusion-sep-clear\"><\/div><div class=\"fusion-separator fusion-full-width-sep sep-none\" style=\"margin-left: auto;margin-right: auto;margin-top:10px;margin-bottom:10px;\"><\/div>\n<div align=\"justify\">\n<p>Zarco nace como una respuesta a la preocupaci\u00f3n de los padres por la formaci\u00f3n de sus hijos. A trav\u00e9s de las m\u00e1s diversas actividades, resulta un apoyo a los padres en esa formaci\u00f3n, ayudando a los chicos a ocupar bien su tiempo libre, a la vez que se forman, hacen buenos amigos y aprenden cosas nuevas. Para ello, Zarco desarrolla actividades culturales, deportivas, de ocio y de formaci\u00f3n humana y cristiana; cada una de ellas est\u00e1 adaptada a la edad y los estudios de cada chico.<\/p>\n<p>Para garantizar este aspecto formativo, la orientaci\u00f3n cristiana de Zarco est\u00e1 confiada al <a href=\"http:\/\/opusdei.es\">Opus Dei<\/a>. El Opus Dei es una instituci\u00f3n de la Iglesia Cat\u00f3lica que busca difundir entre personas de toda clase, edad y condici\u00f3n, el mensaje de la llamada universal a la santidad en la vida ordinaria, a trav\u00e9s del trabajo profesional y del cumplimiento de los deberes del cristiano. Para conseguirlo proporciona a sus miembros (y procura que todas las personas que participan en sus apostolados tambi\u00e9n lo reciban) una formaci\u00f3n adecuada.<\/p>\n<div class=\"fusion-sep-clear\"><\/div><div class=\"fusion-separator fusion-full-width-sep sep-none\" style=\"margin-left: auto;margin-right: auto;margin-top:20px;margin-bottom:20px;\"><\/div>\n<ul class=\"arrow\">\n<li><span style=\"text-decoration: underline;\">Qui\u00e9n puede participar de las actividades<\/span><\/li>\n<\/ul>\n<div class=\"fusion-sep-clear\"><\/div><div class=\"fusion-separator fusion-full-width-sep sep-none\" style=\"margin-left: auto;margin-right: auto;margin-top:10px;margin-bottom:10px;\"><\/div>\n<p>Las actividades que se organizan en Zarco est\u00e1n dirigidas a chicos de entre 10 y 18 a\u00f1os (de 4\u00ba de Primaria hasta 2\u00ba de Bachillerato), y a sus familias. Y tambi\u00e9n hay actividades para universitarios, y para padres.<\/p>\n<div class=\"fusion-sep-clear\"><\/div><div class=\"fusion-separator fusion-full-width-sep sep-none\" style=\"margin-left: auto;margin-right: auto;margin-top:20px;margin-bottom:20px;\"><\/div>\n<ul class=\"arrow\">\n<li><span style=\"text-decoration: underline;\">Los Preceptores<\/span><\/li>\n<\/ul>\n<div class=\"fusion-sep-clear\"><\/div><div class=\"fusion-separator fusion-full-width-sep sep-none\" style=\"margin-left: auto;margin-right: auto;margin-top:10px;margin-bottom:10px;\"><\/div>\n<p>Cada socio tiene asignado un monitor (tambi\u00e9n llamado preceptor) que, de acuerdo con sus padres, le ayudar\u00e1 a mejorar en el estudio y en el aprovechamiento del tiempo, adem\u00e1s de orientarle y acompa\u00f1arle en el crecimiento como persona (h\u00e1bitos, car\u00e1cter, vida de piedad, etc.). Para que esta ayuda sea realmente eficaz, es imprescindible la comunicaci\u00f3n entre los padres y el preceptor.<\/p>\n<\/div>\n<div class=\"fusion-sep-clear\"><\/div><div class=\"fusion-separator fusion-full-width-sep sep-none\" style=\"margin-left: auto;margin-right: auto;margin-top:15px;margin-bottom:15px;\"><\/div>\n<div id=\"attachment_5206\" style=\"width: 510px\" class=\"wp-caption aligncenter\"><a href=\"https:\/\/clubzarco.es\/wp-content\/uploads\/2014\/12\/DSC03806.jpg\"><img aria-describedby=\"caption-attachment-5206\" decoding=\"async\" loading=\"lazy\" class=\"wp-image-5206 \" src=\"https:\/\/clubzarco.es\/wp-content\/uploads\/2014\/12\/DSC03806.jpg\" alt=\"\" width=\"500\" height=\"333\" srcset=\"https:\/\/clubzarco.org\/wp-content\/uploads\/2014\/12\/DSC03806-300x200.jpg 300w, https:\/\/clubzarco.org\/wp-content\/uploads\/2014\/12\/DSC03806.jpg 709w\" sizes=\"(max-width: 500px) 100vw, 500px\" \/><\/a><p id=\"caption-attachment-5206\" class=\"wp-caption-text\">Padres de Zarco en el Festival de Navidad<\/p><\/div>\n<p style=\"text-align: justify;\">Los preceptores que desarrollan su actividad en Zarco son voluntarios, dedicando gran parte de su tiempo libre e incluso colaborando econ\u00f3micamente con el proyecto del Club: lo que les mueve es una vocaci\u00f3n de servicio a la sociedad, con especial atenci\u00f3n a los j\u00f3venes. Aparte de la extensa experiencia adquirida en el trato con gente joven, a lo largo del curso escolar tienen sesiones y cursos de formaci\u00f3n en las que participan con la ilusi\u00f3n de ser cada d\u00eda una ayuda m\u00e1s eficaz para las familias.<\/p>\n<div class=\"fusion-sep-clear\"><\/div><div class=\"fusion-separator fusion-full-width-sep sep-none\" style=\"margin-left: auto;margin-right: auto;margin-top:20px;margin-bottom:20px;\"><\/div>\n<ul class=\"arrow\">\n<li><span style=\"text-decoration: underline;\">Qu\u00e9 se hace en Zarco<\/span><\/li>\n<\/ul>\n<div class=\"fusion-sep-clear\"><\/div><div class=\"fusion-separator fusion-full-width-sep sep-none\" style=\"margin-left: auto;margin-right: auto;margin-top:10px;margin-bottom:10px;\"><\/div>\n<p style=\"text-align: justify;\"><strong>El estudio es la actividad central del Club<\/strong>, pues los h\u00e1bitos de estudio y de trabajo personal resultan decisivos para la formaci\u00f3n de los chicos. En torno al estudio se configura el bloque principal de la programaci\u00f3n de actividades.<\/p>\n<p style=\"text-align: justify;\">Hay tambi\u00e9n otras <strong>actividades relacionadas con la cultura o con los trabajos escolares:<\/strong> tertulias, proyecciones, cine-forum, visitas a museos y exposiciones, debates, fomento de la lectura, inform\u00e1tica, multimedia, etc. En todas ellas se busca fomentar el inter\u00e9s de los chicos por el saber y por la cultura en un contexto atractivo, de acuerdo con su edad. Tambi\u00e9n se da mucha importancia a las actividades relacionadas con el medio ambiente.<\/p>\n<p style=\"text-align: justify;\">Otro <strong>conjunto amplio de actividades tiene un car\u00e1cter m\u00e1s de entretenimiento<\/strong> -guitarra, aeromodelismo, etc. -, aunque no se deja de buscar en ellas ese ejercicio de las virtudes humanas de las que habl\u00e1bamos antes.<\/p>\n<p style=\"text-align: justify;\">Hay tambi\u00e9n <strong>actividades deportivas<\/strong>, que favorecen el desarrollo f\u00edsico de los chicos y que, con un adecuado enfoque, ofrecen tambi\u00e9n un interesante componente formativo: compa\u00f1erismo, trabajo en equipo, constancia, af\u00e1n de superaci\u00f3n, etc.<\/p>\n<p style=\"text-align: justify;\">Un \u00faltimo bloque de <strong>actividades son de car\u00e1cter asistencial:<\/strong> visitas a hospitales o residencias de ancianos, atenci\u00f3n a los pobres, discapacitados, etc. A trav\u00e9s de ellas se busca poner a los chicos en contacto con gente necesitada, para fomentar as\u00ed su solidaridad con los menos favorecidos y ense\u00f1arles tambi\u00e9n a valorar m\u00e1s lo que tienen.<\/p>\n<div class=\"fusion-sep-clear\"><\/div><div class=\"fusion-separator fusion-full-width-sep sep-none\" style=\"margin-left: auto;margin-right: auto;margin-top:20px;margin-bottom:20px;\"><\/div>\n<ul class=\"arrow\">\n<li><span style=\"text-decoration: underline;\">\u00bfC\u00f3mo se organiza y sostiene econ\u00f3micamente Zarco?<\/span><\/li>\n<\/ul>\n<div class=\"fusion-sep-clear\"><\/div><div class=\"fusion-separator fusion-full-width-sep sep-none\" style=\"margin-left: auto;margin-right: auto;margin-top:10px;margin-bottom:10px;\"><\/div>\n<p style=\"text-align: justify;\">Los aspectos organizativos y econ\u00f3micos de Zarco corresponden a la Junta Directiva, pero con el fin de que el Club sea verdaderamente un apoyo en la formaci\u00f3n de los padres, Zarco cuenta con un Patronato que coordina las actividades familiares, colabora en la gesti\u00f3n econ\u00f3mica del club y ayuda a fijar objetivos. El club se sostiene con las cuotas que aportan los socios y con algunos donativos de particulares, antiguos socios y familias. Como es l\u00f3gico, tambi\u00e9n se acude a subvenciones p\u00fablicas para algunas actividades.<\/p>\n<\/div><div class=\"nav fusion-mobile-tab-nav\"><ul class=\"nav-tabs nav-justified\"><li><a class=\"tab-link\" data-toggle=\"tab\" id=\"mobile-fusion-tab-plandeprotecci\u00f3ndelmenor\" href=\"#tab-3df6eb96b5d2b23890c\"><h4 class=\"fusion-tab-heading\">Plan de protecci\u00f3n del menor<\/h4><\/a><\/li><\/ul><\/div><div class=\"tab-pane fade fusion-clearfix\" id=\"tab-3df6eb96b5d2b23890c\">\n<div class=\"fusion-sep-clear\"><\/div><div class=\"fusion-separator fusion-full-width-sep sep-none\" style=\"margin-left: auto;margin-right: auto;margin-top:20px;margin-bottom:20px;\"><\/div>\n<ul class=\"arrow\">\n<li><span style=\"text-decoration: underline;\">Protocolo de protecci\u00f3n del menor<\/span><\/li>\n<\/ul>\n<div class=\"fusion-sep-clear\"><\/div><div class=\"fusion-separator fusion-full-width-sep sep-none\" style=\"margin-left: auto;margin-right: auto;margin-top:10px;margin-bottom:10px;\"><\/div>\n<p style=\"text-align: justify;\">En la <strong>Asociaci\u00f3n Juvenil Club Zarco<\/strong> contamos con un plan de protecci\u00f3n del menor y normas de convivencia que se inspiran en la <strong>Convenci\u00f3n de Derechos del ni\u00f1o<\/strong> de 1989, <strong>carta Europea de Derechos del Ni\u00f1o<\/strong> de 1992 y en la Ley Org\u00e1nica 1\/1996 de 15 Enero de Protecci\u00f3n Jur\u00eddica del Menor, as\u00ed como en la Ley de Andaluc\u00eda 1\/1998, de 20 de abril, de los <strong>Derechos y Atenci\u00f3n al Menor<\/strong>.<\/p>\n<p style=\"text-align: left;\"><a href=\"https:\/\/clubzarco.org\/wp-content\/uploads\/2020\/01\/doc00738520200115174734.pdf\">Descargar el texto completo sobre el protocolo de protecci\u00f3n al menor<\/a><\/p>\n<\/div><div class=\"nav fusion-mobile-tab-nav\"><ul class=\"nav-tabs nav-justified\"><li><a class=\"tab-link\" data-toggle=\"tab\" id=\"mobile-fusion-tab-zarcoyelopusdei\" href=\"#tab-1397a90d372a22667c6\"><h4 class=\"fusion-tab-heading\">Zarco y el Opus Dei<\/h4><\/a><\/li><\/ul><\/div><div class=\"tab-pane fade fusion-clearfix\" id=\"tab-1397a90d372a22667c6\">\n<div class=\"fusion-sep-clear\"><\/div><div class=\"fusion-separator fusion-full-width-sep sep-none\" style=\"margin-left: auto;margin-right: auto;margin-top:20px;margin-bottom:20px;\"><\/div>\n<ul class=\"arrow\">\n<li><span style=\"text-decoration: underline;\">Opus Dei<\/span><\/li>\n<\/ul>\n<div class=\"fusion-sep-clear\"><\/div><div class=\"fusion-separator fusion-full-width-sep sep-none\" style=\"margin-left: auto;margin-right: auto;margin-top:10px;margin-bottom:10px;\"><\/div>\n<div>\n<p style=\"text-align: justify;\">La responsabilidad de la actividad formativa del club Zarco est\u00e1 confiada a la Prelatura del\u00a0<a href=\"http:\/\/www.opusdei.es\/\">Opus Dei<\/a>, una instituci\u00f3n de la Iglesia Cat\u00f3lica fundada en 1928 por San Josemar\u00eda Escriv\u00e1 de Balaguer.\u00a0El Opus Dei garantiza la orientaci\u00f3n y vivificaci\u00f3n cristiana de toda la actividad del Club juvenil. En todo lo dem\u00e1s \u2013lo relativo a las cuestiones organizativas, t\u00e9cnicas, de gesti\u00f3n econ\u00f3mica, aspectos jur\u00eddicos, etc.\u2013, la responsabilidad corresponde a las personas que dirigen esta asociaci\u00f3n, que es de car\u00e1cter civil y laical.<\/p>\n<\/div>\n<div style=\"margin-bottom: 20px; text-align: justify;\">\n<div id=\"attachment_5063\" style=\"width: 260px\" class=\"wp-caption aligncenter\"><a href=\"https:\/\/clubzarco.es\/wp-content\/uploads\/2014\/12\/sjev.jpg\"><img aria-describedby=\"caption-attachment-5063\" decoding=\"async\" loading=\"lazy\" class=\"wp-image-5063 \" src=\"https:\/\/clubzarco.es\/wp-content\/uploads\/2014\/12\/sjev.jpg\" alt=\"sjev\" width=\"250\" height=\"319\" \/><\/a><p id=\"caption-attachment-5063\" class=\"wp-caption-text\">San Josemar\u00eda Escriv\u00e1 de Balaguer<\/p><\/div>\n<p>Esa presencia del esp\u00edritu del\u00a0<a href=\"http:\/\/www.opusdei.es\/\">Opus Dei<\/a>\u00a0se manifestar\u00e1 habitualmente en detalles como la insistencia en la seriedad y exigencia en el estudio, el impulso de los valores sociales y de servicio, fomento de las virtudes humanas, cuidado de los detalles peque\u00f1os, respeto a la libertad, clima de confianza y de cordialidad, protagonismo de los padres en el Club, etc.<\/p>\n<\/div>\n<p style=\"text-align: justify;\">Toda esa labor formativa y educativa del Club se traducir\u00e1 igualmente en muchos aspectos pr\u00e1cticos, grandes o peque\u00f1os: pensar en los dem\u00e1s, felicitar al vencedor despu\u00e9s de un partido de f\u00fatbol, dejar la habitaci\u00f3n ordenada al acabar una actividad, no quejarse por las incomodidades que surgen en un campamento, vencer la timidez participando en un festival, o muchos otros detalles que son parte fundamental del ambiente que queremos que aqu\u00ed se respire.<\/p>\n<p style=\"text-align: justify;\">Otro rasgo propio de este esp\u00edritu es la\u00a0<strong>atenci\u00f3n personal e individualizada<\/strong>, con la que se procura que los chicos crezcan en todas las facetas de su vida, de acuerdo con el deseo de los padres. No s\u00f3lo interesa que el chico sea un buen estudiante, o un buen deportista, o una persona que reza. Se trata de ayudarle en todos los aspectos de la persona: a ser un cristiano cabal, una persona de buen car\u00e1cter, con virtudes humanas bien arraigadas y profundos valores sociales.<\/p>\n<p style=\"text-align: justify;\">Para lograr todo eso es decisivo que haya una buena coordinaci\u00f3n entre la labor formativa de los preceptores y de los padres. Quiz\u00e1 unos y otros, por separado, no lograr\u00edamos alcanzar las metas de las que hemos hablado; pero trabajando en buena sinton\u00eda s\u00ed podemos hacerlo.<\/p>\n<\/div><div class=\"nav fusion-mobile-tab-nav\"><ul class=\"nav-tabs nav-justified\"><li><a class=\"tab-link\" data-toggle=\"tab\" id=\"mobile-fusion-tab-d\u00f3ndeestamos\" href=\"#tab-c175ec3e32a3486e2f2\"><h4 class=\"fusion-tab-heading\">D\u00f3nde estamos<\/h4><\/a><\/li><\/ul><\/div><div class=\"tab-pane fade fusion-clearfix\" id=\"tab-c175ec3e32a3486e2f2\">\n<div class=\"fusion-sep-clear\"><\/div><div class=\"fusion-separator fusion-full-width-sep sep-none\" style=\"margin-left: auto;margin-right: auto;margin-top:20px;margin-bottom:20px;\"><\/div>\n<ul class=\"arrow\">\n<li>Estos son nuestros datos de contacto:<\/li>\n<\/ul>\n<p><a href=\"http:\/\/clubzarco.es\/wp-content\/uploads\/2014\/12\/map.png\"><img decoding=\"async\" loading=\"lazy\" class=\"  wp-image-5056 alignright\" src=\"https:\/\/clubzarco.es\/wp-content\/uploads\/2014\/12\/map.png\" alt=\"map\" width=\"110\" height=\"110\" srcset=\"https:\/\/clubzarco.org\/wp-content\/uploads\/2014\/12\/map-66x66.png 66w, https:\/\/clubzarco.org\/wp-content\/uploads\/2014\/12\/map.png 128w\" sizes=\"(max-width: 110px) 100vw, 110px\" \/><\/a><\/p>\n<ul>\n<li>\n<p class=\"address\">Direcci\u00f3n: C\/ Caraba\u00f1a 15-A 28806 Alcal\u00e1 de Henares (Madrid)<\/p>\n<\/li>\n<li>\n<p class=\"address\">Tel\u00e9fono: +34.912656831<\/p>\n<\/li>\n<li>\n<p class=\"address\">Email: <a href=\"mailto:clubzarco@gmail.com\">clubzarco@gmail.com<\/a><\/p>\n<\/li>\n<li>\n<p class=\"address\">Web: <a href=\"http:\/\/www.clubzarco.org\/\">http:\/\/www.clubzarco.org<\/a><\/p>\n<\/li>\n<\/ul>\n<\/div><\/div><\/div><div class=\"fusion-clearfix\"><\/div>\n\n\t\t\t\t\t<\/div>\n\t\t\t\t<\/div><\/div><\/div>\n","protected":false},"excerpt":{"rendered":"","protected":false},"author":1,"featured_media":0,"parent":0,"menu_order":0,"comment_status":"open","ping_status":"open","template":"","meta":{"footnotes":""},"_links":{"self":[{"href":"https:\/\/clubzarco.org\/index.php?rest_route=\/wp\/v2\/pages\/5326"}],"collection":[{"href":"https:\/\/clubzarco.org\/index.php?rest_route=\/wp\/v2\/pages"}],"about":[{"href":"https:\/\/clubzarco.org\/index.php?rest_route=\/wp\/v2\/types\/page"}],"author":[{"embeddable":true,"href":"https:\/\/clubzarco.org\/index.php?rest_route=\/wp\/v2\/users\/1"}],"replies":[{"embeddable":true,"href":"https:\/\/clubzarco.org\/index.php?rest_route=%2Fwp%2Fv2%2Fcomments&post=5326"}],"version-history":[{"count":81,"href":"https:\/\/clubzarco.org\/index.php?rest_route=\/wp\/v2\/pages\/5326\/revisions"}],"predecessor-version":[{"id":6116,"href":"https:\/\/clubzarco.org\/index.php?rest_route=\/wp\/v2\/pages\/5326\/revisions\/6116"}],"wp:attachment":[{"href":"https:\/\/clubzarco.org\/index.php?rest_route=%2Fwp%2Fv2%2Fmedia&parent=5326"}],"curies":[{"name":"wp","href":"https:\/\/api.w.org\/{rel}","templated":true}]}}